{"id":65,"date":"2018-07-14T20:59:44","date_gmt":"2018-07-14T20:59:44","guid":{"rendered":"https:\/\/sadikileri.com\/?page_id=65"},"modified":"2018-07-14T23:33:36","modified_gmt":"2018-07-14T23:33:36","slug":"ana-sayfa","status":"publish","type":"page","link":"https:\/\/sadikileri.com\/","title":{"rendered":"Bakal\u0131m i\u00e7eride neler var?"},"content":{"rendered":"<p>Ho\u015f geldiniz! S\u0131n\u0131r\u0131 olmayan, g\u00fcnden g\u00fcne de\u011fi\u015fkenlik g\u00f6steren duygu ve d\u00fc\u015f\u00fcncelerle yaz\u0131l\u0131p \u00e7izilenlerdir sayfan\u0131n i\u00e7eri\u011fi&#8230;<\/p>\n<p>A\u00e7\u0131l\u0131\u015f sayfas\u0131nda ticari konularla ilgili se\u00e7im yapanlar\u0131 mesleki sayfalara y\u00f6nlendirdi\u011fimi d\u00fc\u015f\u00fcnerek burada ticari konular d\u0131\u015f\u0131ndaki alanlarda payla\u015f\u0131mlar yapmay\u0131 daha uygun buluyorum. Dedim ya; s\u0131n\u0131r yok ve g\u00fcnden g\u00fcne de\u011fi\u015fiyor baz\u0131 \u015feyler, i\u015fte bu y\u00fczden belki mesleki konularda fikirlerimi de payla\u015f\u0131veririm.<\/p>\n","protected":false},"excerpt":{"rendered":"<p>Ho\u015f geldiniz! S\u0131n\u0131r\u0131 olmayan, g\u00fcnden g\u00fcne de\u011fi\u015fkenlik g\u00f6steren duygu ve d\u00fc\u015f\u00fcncelerle yaz\u0131l\u0131p \u00e7izilenlerdir sayfan\u0131n i\u00e7eri\u011fi&#8230; A\u00e7\u0131l\u0131\u015f sayfas\u0131nda ticari konularla ilgili se\u00e7im yapanlar\u0131 mesleki sayfalara y\u00f6nlendirdi\u011fimi d\u00fc\u015f\u00fcnerek burada ticari konular d\u0131\u015f\u0131ndaki alanlarda payla\u015f\u0131mlar yapmay\u0131 daha uygun buluyorum. Dedim ya; s\u0131n\u0131r yok ve g\u00fcnden g\u00fcne de\u011fi\u015fiyor baz\u0131 \u015feyler, i\u015fte bu y\u00fczden belki mesleki konularda fikirlerimi de payla\u015f\u0131veririm.<\/p>\n","protected":false},"author":1,"featured_media":0,"parent":0,"menu_order":0,"comment_status":"closed","ping_status":"closed","template":"","meta":{"_monsterinsights_skip_tracking":false,"_monsterinsights_sitenote_active":false,"_monsterinsights_sitenote_note":"","_monsterinsights_sitenote_category":0,"footnotes":""},"class_list":["post-65","page","type-page","status-publish","hentry"],"_links":{"self":[{"href":"https:\/\/sadikileri.com\/index.php?rest_route=\/wp\/v2\/pages\/65","targetHints":{"allow":["GET"]}}],"collection":[{"href":"https:\/\/sadikileri.com\/index.php?rest_route=\/wp\/v2\/pages"}],"about":[{"href":"https:\/\/sadikileri.com\/index.php?rest_route=\/wp\/v2\/types\/page"}],"author":[{"embeddable":true,"href":"https:\/\/sadikileri.com\/index.php?rest_route=\/wp\/v2\/users\/1"}],"replies":[{"embeddable":true,"href":"https:\/\/sadikileri.com\/index.php?rest_route=%2Fwp%2Fv2%2Fcomments&post=65"}],"version-history":[{"count":6,"href":"https:\/\/sadikileri.com\/index.php?rest_route=\/wp\/v2\/pages\/65\/revisions"}],"predecessor-version":[{"id":156,"href":"https:\/\/sadikileri.com\/index.php?rest_route=\/wp\/v2\/pages\/65\/revisions\/156"}],"wp:attachment":[{"href":"https:\/\/sadikileri.com\/index.php?rest_route=%2Fwp%2Fv2%2Fmedia&parent=65"}],"curies":[{"name":"wp","href":"https:\/\/api.w.org\/{rel}","templated":true}]}}