{"id":66,"date":"2018-07-14T20:59:44","date_gmt":"2018-07-14T20:59:44","guid":{"rendered":"https:\/\/sadikileri.com\/?page_id=66"},"modified":"2018-07-14T23:34:39","modified_gmt":"2018-07-14T23:34:39","slug":"hakkimizda","status":"publish","type":"page","link":"https:\/\/sadikileri.com\/?page_id=66","title":{"rendered":"Hakk\u0131mda"},"content":{"rendered":"<p><em>bir yolday\u0131m en nihayetinde,<\/em><\/p>\n<p><em>her ne kadar bu yolculu\u011fun yaln\u0131z yap\u0131lmas\u0131 gerekse de,<\/em><\/p>\n<p><em>arar buldum kendimi bu yolda y\u00fcr\u00fcyen ve y\u00fcr\u00fcmek isteyenleri, i\u00e7ten i\u00e7e<\/em><\/p>\n<p><em>i\u015fte belki de bu sat\u0131rlarda, foto\u011fraflarda bunlard\u0131r var olanlar&#8230;<\/em><\/p>\n","protected":false},"excerpt":{"rendered":"<p>bir yolday\u0131m en nihayetinde, her ne kadar bu yolculu\u011fun yaln\u0131z yap\u0131lmas\u0131 gerekse de, arar buldum kendimi bu yolda y\u00fcr\u00fcyen ve y\u00fcr\u00fcmek isteyenleri, i\u00e7ten i\u00e7e i\u015fte belki de bu sat\u0131rlarda, foto\u011fraflarda bunlard\u0131r var olanlar&#8230;<\/p>\n","protected":false},"author":1,"featured_media":123,"parent":0,"menu_order":0,"comment_status":"closed","ping_status":"closed","template":"","meta":{"_monsterinsights_skip_tracking":false,"_monsterinsights_sitenote_active":false,"_monsterinsights_sitenote_note":"","_monsterinsights_sitenote_category":0,"footnotes":""},"class_list":["post-66","page","type-page","status-publish","has-post-thumbnail","hentry"],"_links":{"self":[{"href":"https:\/\/sadikileri.com\/index.php?rest_route=\/wp\/v2\/pages\/66","targetHints":{"allow":["GET"]}}],"collection":[{"href":"https:\/\/sadikileri.com\/index.php?rest_route=\/wp\/v2\/pages"}],"about":[{"href":"https:\/\/sadikileri.com\/index.php?rest_route=\/wp\/v2\/types\/page"}],"author":[{"embeddable":true,"href":"https:\/\/sadikileri.com\/index.php?rest_route=\/wp\/v2\/users\/1"}],"replies":[{"embeddable":true,"href":"https:\/\/sadikileri.com\/index.php?rest_route=%2Fwp%2Fv2%2Fcomments&post=66"}],"version-history":[{"count":6,"href":"https:\/\/sadikileri.com\/index.php?rest_route=\/wp\/v2\/pages\/66\/revisions"}],"predecessor-version":[{"id":97,"href":"https:\/\/sadikileri.com\/index.php?rest_route=\/wp\/v2\/pages\/66\/revisions\/97"}],"wp:featuredmedia":[{"embeddable":true,"href":"https:\/\/sadikileri.com\/index.php?rest_route=\/wp\/v2\/media\/123"}],"wp:attachment":[{"href":"https:\/\/sadikileri.com\/index.php?rest_route=%2Fwp%2Fv2%2Fmedia&parent=66"}],"curies":[{"name":"wp","href":"https:\/\/api.w.org\/{rel}","templated":true}]}}