{"id":67,"date":"2018-07-14T20:59:44","date_gmt":"2018-07-14T20:59:44","guid":{"rendered":"https:\/\/sadikileri.com\/?page_id=67"},"modified":"2025-05-25T13:13:58","modified_gmt":"2025-05-25T10:13:58","slug":"bize-ulasin","status":"publish","type":"page","link":"https:\/\/sadikileri.com\/?page_id=67","title":{"rendered":"Bana ula\u015f\u0131n"},"content":{"rendered":"\n<p>\u0130leti\u015fim kurmak i\u00e7in <strong><em>sadik@sadikileri.com<\/em><\/strong> adresine mail g\u00f6nderebilirsiniz.<\/p>\n","protected":false},"excerpt":{"rendered":"<p>\u0130leti\u015fim kurmak i\u00e7in sadik@sadikileri.com adresine mail g\u00f6nderebilirsiniz.<\/p>\n","protected":false},"author":1,"featured_media":58,"parent":0,"menu_order":0,"comment_status":"closed","ping_status":"closed","template":"","meta":{"_monsterinsights_skip_tracking":false,"_monsterinsights_sitenote_active":false,"_monsterinsights_sitenote_note":"","_monsterinsights_sitenote_category":0,"footnotes":""},"class_list":["post-67","page","type-page","status-publish","has-post-thumbnail","hentry"],"_links":{"self":[{"href":"https:\/\/sadikileri.com\/index.php?rest_route=\/wp\/v2\/pages\/67","targetHints":{"allow":["GET"]}}],"collection":[{"href":"https:\/\/sadikileri.com\/index.php?rest_route=\/wp\/v2\/pages"}],"about":[{"href":"https:\/\/sadikileri.com\/index.php?rest_route=\/wp\/v2\/types\/page"}],"author":[{"embeddable":true,"href":"https:\/\/sadikileri.com\/index.php?rest_route=\/wp\/v2\/users\/1"}],"replies":[{"embeddable":true,"href":"https:\/\/sadikileri.com\/index.php?rest_route=%2Fwp%2Fv2%2Fcomments&post=67"}],"version-history":[{"count":6,"href":"https:\/\/sadikileri.com\/index.php?rest_route=\/wp\/v2\/pages\/67\/revisions"}],"predecessor-version":[{"id":143,"href":"https:\/\/sadikileri.com\/index.php?rest_route=\/wp\/v2\/pages\/67\/revisions\/143"}],"wp:featuredmedia":[{"embeddable":true,"href":"https:\/\/sadikileri.com\/index.php?rest_route=\/wp\/v2\/media\/58"}],"wp:attachment":[{"href":"https:\/\/sadikileri.com\/index.php?rest_route=%2Fwp%2Fv2%2Fmedia&parent=67"}],"curies":[{"name":"wp","href":"https:\/\/api.w.org\/{rel}","templated":true}]}}